{"id":12775,"date":"2022-11-02T12:52:16","date_gmt":"2022-11-02T12:52:16","guid":{"rendered":"http:\/\/www.nicdarkthemes.com\/themes\/charity-foundation\/wp\/demo\/charity-foundation\/?page_id=12775"},"modified":"2024-02-09T17:06:04","modified_gmt":"2024-02-09T17:06:04","slug":"causes-01","status":"publish","type":"page","link":"https:\/\/kwamaikoselfhelp.com\/de\/nd-donation\/causes-01\/","title":{"rendered":"Causes 01"},"content":{"rendered":"<div data-elementor-type=\"wp-page\" data-elementor-id=\"12775\" class=\"elementor elementor-12775\">\n\t\t\t\t\t\t\t\t\t<section class=\"elementor-section elementor-top-section elementor-element elementor-element-58506069 elementor-section-stretched elementor-section-content-middle elementor-section-boxed elementor-section-height-default elementor-section-height-default\" data-id=\"58506069\" data-element_type=\"section\" data-settings=\"{&quot;stretch_section&quot;:&quot;section-stretched&quot;,&quot;background_background&quot;:&quot;classic&quot;}\">\n\t\t\t\t\t\t\t<div class=\"elementor-background-overlay\"><\/div>\n\t\t\t\t\t\t\t<div class=\"elementor-container elementor-column-gap-default\">\n\t\t\t\t\t<div class=\"elementor-column elementor-col-100 elementor-top-column elementor-element elementor-element-5ef74d65\" data-id=\"5ef74d65\" data-element_type=\"column\">\n\t\t\t<div class=\"elementor-widget-wrap elementor-element-populated\">\n\t\t\t\t\t\t\t\t<div class=\"elementor-element elementor-element-32bee185 elementor-widget elementor-widget-heading\" data-id=\"32bee185\" data-element_type=\"widget\" data-widget_type=\"heading.default\">\n\t\t\t\t<div class=\"elementor-widget-container\">\n\t\t\t<style>\/*! elementor - v3.17.0 - 01-11-2023 *\/\n.elementor-heading-title{padding:0;margin:0;line-height:1}.elementor-widget-heading .elementor-heading-title[class*=elementor-size-]>a{color:inherit;font-size:inherit;line-height:inherit}.elementor-widget-heading .elementor-heading-title.elementor-size-small{font-size:15px}.elementor-widget-heading .elementor-heading-title.elementor-size-medium{font-size:19px}.elementor-widget-heading .elementor-heading-title.elementor-size-large{font-size:29px}.elementor-widget-heading .elementor-heading-title.elementor-size-xl{font-size:39px}.elementor-widget-heading .elementor-heading-title.elementor-size-xxl{font-size:59px}<\/style><p class=\"elementor-heading-title elementor-size-default\">Die Kwamaiko Women's Self-Help Group (KWSHG) wurde mit der Hauptaufgabe gegr\u00fcndet, alleinstehende Frauen im und um das Dorf Kwamaiko zu unterst\u00fctzen.<\/p>\t\t<\/div>\n\t\t\t\t<\/div>\n\t\t\t\t\t<\/div>\n\t\t<\/div>\n\t\t\t\t\t\t\t<\/div>\n\t\t<\/section>\n\t\t\t\t<section class=\"elementor-section elementor-top-section elementor-element elementor-element-b7a2bcc elementor-section-stretched elementor-section-boxed elementor-section-height-default elementor-section-height-default\" data-id=\"b7a2bcc\" data-element_type=\"section\" data-settings=\"{&quot;stretch_section&quot;:&quot;section-stretched&quot;}\">\n\t\t\t\t\t\t<div class=\"elementor-container elementor-column-gap-default\">\n\t\t\t\t\t<div class=\"elementor-column elementor-col-100 elementor-top-column elementor-element elementor-element-a2ef040\" data-id=\"a2ef040\" data-element_type=\"column\">\n\t\t\t<div class=\"elementor-widget-wrap elementor-element-populated\">\n\t\t\t\t\t\t\t\t<div class=\"elementor-element elementor-element-33499db elementor-widget elementor-widget-causes\" data-id=\"33499db\" data-element_type=\"widget\" data-widget_type=\"causes.default\">\n\t\t\t\t<div class=\"elementor-widget-container\">\n\t\t\t\n    <div class=\"nd_donations_section nd_donations_masonry_content\">\n  <div class=\"nd_donations_width_33_percentage nd_donations_causes_widget_l1 nd_donations_width_100_percentage_responsive nd_donations_float_left nd_donations_masonry_item nd_donations_padding_15 nd_donations_box_sizing_border_box\">\n\n    <div class=\"nd_donations_section nd_donations_background_color_fff nd_donations_box_shadow_0_0_15_0_0001\">\n\n      \n\n\n    <div class=\"nd_donations_section nd_donations_position_relative\">\n\n      <img decoding=\"async\" alt=\"\" class=\"nd_donations_section nd_donations_postgrid_causes_single_cause_img\" src=\"https:\/\/kwamaikoselfhelp.com\/wp-content\/uploads\/2017\/04\/farminggg.png\">\n    <\/div>\n\n      <div class=\"nd_donations_section nd_donations_padding_40 nd_donations_padding_20_iphone nd_donations_box_sizing_border_box\">\n\n        <a class=\"nd_donations_section\" href=\"https:\/\/kwamaikoselfhelp.com\/de\/causes\/agricultural-projects\/\">\n          <h3 class=\"nd_donations_font_size_23 nd_donations_word_break_break_word nd_donations_font_size_20_iphone nd_donations_line_height_23 nd_donations_margin_0_important nd_donations_letter_spacing_1\"><strong>Farm Projekte<\/strong><\/h3>\n        <\/a>\n        <div class=\"nd_donations_section nd_donations_height_20\"><\/div>\n        <p class=\"nd_donations_font_size_15 nd_donations_line_height_1_8_em nd_donations_section nd_donations_margin_0_important\">Dar\u00fcber hinaus wurde die Nahrungsmittelproduktion durch die Auswirkungen des globalen Klimawandels bedroht und negativ beeinflusst. Davon betroffen sind Landwirte mit geringem Einkommen in den l\u00e4ndlichen Gebieten, bei denen es sich \u00fcberwiegend um Frauen handelt <\/p>\n        <div class=\"nd_donations_section nd_donations_height_30\"><\/div>\n        \n        <div class=\"nd_donations_section nd_donations_height_25\"><\/div>\n        \n        <div class=\"nd_donations_section nd_donations_height_30\"><\/div>\n        <a style=\"background-color:#000\" class=\"nd_donations_font_size_13 nd_donations_line_height_13 nd_donations_color_white_important nd_donations_padding_10_20 nd_donations_letter_spacing_1\" href=\"https:\/\/kwamaikoselfhelp.com\/de\/causes\/agricultural-projects\/\"><strong>VIEW DETAILS<\/strong><\/a>\n\n    <\/div>\n\n  <\/div>\n    \n<\/div>\n  <div class=\"nd_donations_width_33_percentage nd_donations_causes_widget_l1 nd_donations_width_100_percentage_responsive nd_donations_float_left nd_donations_masonry_item nd_donations_padding_15 nd_donations_box_sizing_border_box\">\n\n    <div class=\"nd_donations_section nd_donations_background_color_fff nd_donations_box_shadow_0_0_15_0_0001\">\n\n      \n\n\n    <div class=\"nd_donations_section nd_donations_position_relative\">\n\n      <img decoding=\"async\" alt=\"\" class=\"nd_donations_section nd_donations_postgrid_causes_single_cause_img\" src=\"https:\/\/kwamaikoselfhelp.com\/wp-content\/uploads\/2023\/11\/IMG-20220513-WA0044-1.jpg\">\n    <\/div>\n\n      <div class=\"nd_donations_section nd_donations_padding_40 nd_donations_padding_20_iphone nd_donations_box_sizing_border_box\">\n\n        <a class=\"nd_donations_section\" href=\"https:\/\/kwamaikoselfhelp.com\/de\/causes\/children-education-projects\/\">\n          <h3 class=\"nd_donations_font_size_23 nd_donations_word_break_break_word nd_donations_font_size_20_iphone nd_donations_line_height_23 nd_donations_margin_0_important nd_donations_letter_spacing_1\"><strong>Kinder und Schulbildung<\/strong><\/h3>\n        <\/a>\n        <div class=\"nd_donations_section nd_donations_height_20\"><\/div>\n        <p class=\"nd_donations_font_size_15 nd_donations_line_height_1_8_em nd_donations_section nd_donations_margin_0_important\">F\u00fcr Gefl\u00fcgelhaltungspraktiken ist kein h\u00f6heres Kapital erforderlich. Da nur weniger Investitionen erforderlich sind, um V\u00f6gel zu kaufen und sie mit Futter zu versorgen. Daher kann jeder ein Gefl\u00fcgelzuchtunternehmen begr\u00fcnden, um in gro\u00dfem Umfang Gewinne zu erzielen, da dieses Unternehmen gefragt ist.<\/p>\n        <div class=\"nd_donations_section nd_donations_height_30\"><\/div>\n        \n        <div class=\"nd_donations_section nd_donations_height_25\"><\/div>\n        \n        <div class=\"nd_donations_section nd_donations_height_30\"><\/div>\n        <a style=\"background-color:#000\" class=\"nd_donations_font_size_13 nd_donations_line_height_13 nd_donations_color_white_important nd_donations_padding_10_20 nd_donations_letter_spacing_1\" href=\"https:\/\/kwamaikoselfhelp.com\/de\/causes\/children-education-projects\/\"><strong>VIEW DETAILS<\/strong><\/a>\n\n    <\/div>\n\n  <\/div>\n    \n<\/div>\n  <div class=\"nd_donations_width_33_percentage nd_donations_causes_widget_l1 nd_donations_width_100_percentage_responsive nd_donations_float_left nd_donations_masonry_item nd_donations_padding_15 nd_donations_box_sizing_border_box\">\n\n    <div class=\"nd_donations_section nd_donations_background_color_fff nd_donations_box_shadow_0_0_15_0_0001\">\n\n      \n\n\n    <div class=\"nd_donations_section nd_donations_position_relative\">\n\n      <img decoding=\"async\" alt=\"\" class=\"nd_donations_section nd_donations_postgrid_causes_single_cause_img\" src=\"https:\/\/kwamaikoselfhelp.com\/wp-content\/uploads\/2023\/11\/IMG-20230920-WA0014-1024x577.jpg\">\n    <\/div>\n\n      <div class=\"nd_donations_section nd_donations_padding_40 nd_donations_padding_20_iphone nd_donations_box_sizing_border_box\">\n\n        <a class=\"nd_donations_section\" href=\"https:\/\/kwamaikoselfhelp.com\/de\/causes\/clean-water\/\">\n          <h3 class=\"nd_donations_font_size_23 nd_donations_word_break_break_word nd_donations_font_size_20_iphone nd_donations_line_height_23 nd_donations_margin_0_important nd_donations_letter_spacing_1\"><strong>Wasser Projekt<\/strong><\/h3>\n        <\/a>\n        <div class=\"nd_donations_section nd_donations_height_20\"><\/div>\n        <p class=\"nd_donations_font_size_15 nd_donations_line_height_1_8_em nd_donations_section nd_donations_margin_0_important\">Der Schutz der Quelle ist nur ein Schritt auf dem Weg zu einem nachhaltigen Zugang zu sauberem Wasser.<\/p>\n        <div class=\"nd_donations_section nd_donations_height_30\"><\/div>\n        \n        <div class=\"nd_donations_section nd_donations_height_25\"><\/div>\n        \n        <div class=\"nd_donations_section nd_donations_height_30\"><\/div>\n        <a style=\"background-color:#000\" class=\"nd_donations_font_size_13 nd_donations_line_height_13 nd_donations_color_white_important nd_donations_padding_10_20 nd_donations_letter_spacing_1\" href=\"https:\/\/kwamaikoselfhelp.com\/de\/causes\/clean-water\/\"><strong>VIEW DETAILS<\/strong><\/a>\n\n    <\/div>\n\n  <\/div>\n    \n<\/div>\n  <div class=\"nd_donations_width_33_percentage nd_donations_causes_widget_l1 nd_donations_width_100_percentage_responsive nd_donations_float_left nd_donations_masonry_item nd_donations_padding_15 nd_donations_box_sizing_border_box\">\n\n    <div class=\"nd_donations_section nd_donations_background_color_fff nd_donations_box_shadow_0_0_15_0_0001\">\n\n      \n\n\n    <div class=\"nd_donations_section nd_donations_position_relative\">\n\n      <img decoding=\"async\" alt=\"\" class=\"nd_donations_section nd_donations_postgrid_causes_single_cause_img\" src=\"https:\/\/kwamaikoselfhelp.com\/wp-content\/uploads\/2023\/11\/imagessss-1024x387.jpg\">\n    <\/div>\n\n      <div class=\"nd_donations_section nd_donations_padding_40 nd_donations_padding_20_iphone nd_donations_box_sizing_border_box\">\n\n        <a class=\"nd_donations_section\" href=\"https:\/\/kwamaikoselfhelp.com\/de\/causes\/open-air-market\/\">\n          <h3 class=\"nd_donations_font_size_23 nd_donations_word_break_break_word nd_donations_font_size_20_iphone nd_donations_line_height_23 nd_donations_margin_0_important nd_donations_letter_spacing_1\"><strong>Open-Air-Markt<\/strong><\/h3>\n        <\/a>\n        <div class=\"nd_donations_section nd_donations_height_20\"><\/div>\n        <p class=\"nd_donations_font_size_15 nd_donations_line_height_1_8_em nd_donations_section nd_donations_margin_0_important\">Wir schaffen lebendige Open-Air-M\u00e4rkte, auf denen unsere Mitglieder ihre F\u00e4higkeiten und Produkte pr\u00e4sentieren k\u00f6nnen. <\/p>\n        <div class=\"nd_donations_section nd_donations_height_30\"><\/div>\n        \n        <div class=\"nd_donations_section nd_donations_height_25\"><\/div>\n        \n        <div class=\"nd_donations_section nd_donations_height_30\"><\/div>\n        <a style=\"background-color:#000\" class=\"nd_donations_font_size_13 nd_donations_line_height_13 nd_donations_color_white_important nd_donations_padding_10_20 nd_donations_letter_spacing_1\" href=\"https:\/\/kwamaikoselfhelp.com\/de\/causes\/open-air-market\/\"><strong>VIEW DETAILS<\/strong><\/a>\n\n    <\/div>\n\n  <\/div>\n    \n<\/div>\n  <div class=\"nd_donations_width_33_percentage nd_donations_causes_widget_l1 nd_donations_width_100_percentage_responsive nd_donations_float_left nd_donations_masonry_item nd_donations_padding_15 nd_donations_box_sizing_border_box\">\n\n    <div class=\"nd_donations_section nd_donations_background_color_fff nd_donations_box_shadow_0_0_15_0_0001\">\n\n      \n\n\n    <div class=\"nd_donations_section nd_donations_position_relative\">\n\n      <img decoding=\"async\" alt=\"\" class=\"nd_donations_section nd_donations_postgrid_causes_single_cause_img\" src=\"https:\/\/kwamaikoselfhelp.com\/wp-content\/uploads\/2023\/11\/chickennn.png\">\n    <\/div>\n\n      <div class=\"nd_donations_section nd_donations_padding_40 nd_donations_padding_20_iphone nd_donations_box_sizing_border_box\">\n\n        <a class=\"nd_donations_section\" href=\"https:\/\/kwamaikoselfhelp.com\/de\/causes\/poultry-farming\/\">\n          <h3 class=\"nd_donations_font_size_23 nd_donations_word_break_break_word nd_donations_font_size_20_iphone nd_donations_line_height_23 nd_donations_margin_0_important nd_donations_letter_spacing_1\"><strong>Gefl\u00fcgel Projekt<\/strong><\/h3>\n        <\/a>\n        <div class=\"nd_donations_section nd_donations_height_20\"><\/div>\n        <p class=\"nd_donations_font_size_15 nd_donations_line_height_1_8_em nd_donations_section nd_donations_margin_0_important\">Die Kwamaiko Women's Self-Help Group (KWSHG) wurde mit der Hauptaufgabe gegr\u00fcndet, alleinstehende Frauen im und um das Dorf Kwamaiko zu unterst\u00fctzen.<\/p>\n        <div class=\"nd_donations_section nd_donations_height_30\"><\/div>\n        \n        <div class=\"nd_donations_section nd_donations_height_25\"><\/div>\n        \n        <div class=\"nd_donations_section nd_donations_height_30\"><\/div>\n        <a style=\"background-color:#000\" class=\"nd_donations_font_size_13 nd_donations_line_height_13 nd_donations_color_white_important nd_donations_padding_10_20 nd_donations_letter_spacing_1\" href=\"https:\/\/kwamaikoselfhelp.com\/de\/causes\/poultry-farming\/\"><strong>VIEW DETAILS<\/strong><\/a>\n\n    <\/div>\n\n  <\/div>\n    \n<\/div>\n  <div class=\"nd_donations_width_33_percentage nd_donations_causes_widget_l1 nd_donations_width_100_percentage_responsive nd_donations_float_left nd_donations_masonry_item nd_donations_padding_15 nd_donations_box_sizing_border_box\">\n\n    <div class=\"nd_donations_section nd_donations_background_color_fff nd_donations_box_shadow_0_0_15_0_0001\">\n\n      \n\n\n    <div class=\"nd_donations_section nd_donations_position_relative\">\n\n      <img decoding=\"async\" alt=\"\" class=\"nd_donations_section nd_donations_postgrid_causes_single_cause_img\" src=\"https:\/\/kwamaikoselfhelp.com\/wp-content\/uploads\/2023\/11\/20230924_065156.jpg\">\n    <\/div>\n\n      <div class=\"nd_donations_section nd_donations_padding_40 nd_donations_padding_20_iphone nd_donations_box_sizing_border_box\">\n\n        <a class=\"nd_donations_section\" href=\"https:\/\/kwamaikoselfhelp.com\/de\/causes\/the-pig-revolving-project\/\">\n          <h3 class=\"nd_donations_font_size_23 nd_donations_word_break_break_word nd_donations_font_size_20_iphone nd_donations_line_height_23 nd_donations_margin_0_important nd_donations_letter_spacing_1\"><strong>Das Schweine Projekt<\/strong><\/h3>\n        <\/a>\n        <div class=\"nd_donations_section nd_donations_height_20\"><\/div>\n        <p class=\"nd_donations_font_size_15 nd_donations_line_height_1_8_em nd_donations_section nd_donations_margin_0_important\">Das Projekt soll sicherstellen, dass Frauen in den Bereichen Viehwirtschaft, Tierhaltung, Tierschutz und Schweinezucht geschult werden. <\/p>\n        <div class=\"nd_donations_section nd_donations_height_30\"><\/div>\n        \n        <div class=\"nd_donations_section nd_donations_height_25\"><\/div>\n        \n        <div class=\"nd_donations_section nd_donations_height_30\"><\/div>\n        <a style=\"background-color:#000\" class=\"nd_donations_font_size_13 nd_donations_line_height_13 nd_donations_color_white_important nd_donations_padding_10_20 nd_donations_letter_spacing_1\" href=\"https:\/\/kwamaikoselfhelp.com\/de\/causes\/the-pig-revolving-project\/\"><strong>VIEW DETAILS<\/strong><\/a>\n\n    <\/div>\n\n  <\/div>\n    \n<\/div>\n    <\/div>\t\t<\/div>\n\t\t\t\t<\/div>\n\t\t\t\t\t<\/div>\n\t\t<\/div>\n\t\t\t\t\t\t\t<\/div>\n\t\t<\/section>\n\t\t\t\t<section class=\"elementor-section elementor-top-section elementor-element elementor-element-550c3080 elementor-section-boxed elementor-section-height-default elementor-section-height-default\" data-id=\"550c3080\" data-element_type=\"section\">\n\t\t\t\t\t\t<div class=\"elementor-container elementor-column-gap-default\">\n\t\t\t\t\t<div class=\"elementor-column elementor-col-100 elementor-top-column elementor-element elementor-element-58ab7ac5\" data-id=\"58ab7ac5\" data-element_type=\"column\">\n\t\t\t<div class=\"elementor-widget-wrap\">\n\t\t\t\t\t\t\t\t\t<\/div>\n\t\t<\/div>\n\t\t\t\t\t\t\t<\/div>\n\t\t<\/section>\n\t\t\t\t\t\t\t<\/div>","protected":false},"excerpt":{"rendered":"<p>The Kwamaiko Women&#8217;s Self-Help Group (KWSHG) was established with the primary mission of providing support to single women residing in and around Kwamaiko Village. Farming Projects Further with the effects [&hellip;]<\/p>","protected":false},"author":1,"featured_media":0,"parent":11667,"menu_order":0,"comment_status":"closed","ping_status":"closed","template":"","meta":{"footnotes":""},"class_list":["post-12775","page","type-page","status-publish","hentry"],"_links":{"self":[{"href":"https:\/\/kwamaikoselfhelp.com\/de\/wp-json\/wp\/v2\/pages\/12775","targetHints":{"allow":["GET"]}}],"collection":[{"href":"https:\/\/kwamaikoselfhelp.com\/de\/wp-json\/wp\/v2\/pages"}],"about":[{"href":"https:\/\/kwamaikoselfhelp.com\/de\/wp-json\/wp\/v2\/types\/page"}],"author":[{"embeddable":true,"href":"https:\/\/kwamaikoselfhelp.com\/de\/wp-json\/wp\/v2\/users\/1"}],"replies":[{"embeddable":true,"href":"https:\/\/kwamaikoselfhelp.com\/de\/wp-json\/wp\/v2\/comments?post=12775"}],"version-history":[{"count":12,"href":"https:\/\/kwamaikoselfhelp.com\/de\/wp-json\/wp\/v2\/pages\/12775\/revisions"}],"predecessor-version":[{"id":14094,"href":"https:\/\/kwamaikoselfhelp.com\/de\/wp-json\/wp\/v2\/pages\/12775\/revisions\/14094"}],"up":[{"embeddable":true,"href":"https:\/\/kwamaikoselfhelp.com\/de\/wp-json\/wp\/v2\/pages\/11667"}],"wp:attachment":[{"href":"https:\/\/kwamaikoselfhelp.com\/de\/wp-json\/wp\/v2\/media?parent=12775"}],"curies":[{"name":"wp","href":"https:\/\/api.w.org\/{rel}","templated":true}]}}